{"id":204,"date":"2024-12-23T18:01:23","date_gmt":"2024-12-23T18:01:23","guid":{"rendered":"https:\/\/marrerocatering.com.ar\/?page_id=204"},"modified":"2025-09-12T17:57:59","modified_gmt":"2025-09-12T17:57:59","slug":"fishy","status":"publish","type":"page","link":"https:\/\/marrerocatering.com.ar\/index.php\/fishy\/","title":{"rendered":"Fishy"},"content":{"rendered":"\t\t<div data-elementor-type=\"wp-page\" data-elementor-id=\"204\" class=\"elementor elementor-204\">\n\t\t\t\t<div class=\"elementor-element elementor-element-dca15df e-flex e-con-boxed e-con e-parent\" data-id=\"dca15df\" data-element_type=\"container\">\n\t\t\t\t\t<div class=\"e-con-inner\">\n\t\t<div class=\"elementor-element elementor-element-60e4873 e-con-full e-flex e-con e-child\" data-id=\"60e4873\" data-element_type=\"container\">\n\t\t<div class=\"elementor-element elementor-element-d03bc72 e-con-full e-flex e-con e-child\" data-id=\"d03bc72\" data-element_type=\"container\">\n\t\t\t\t<div class=\"elementor-element elementor-element-c6f174e elementor-widget elementor-widget-text-editor\" data-id=\"c6f174e\" data-element_type=\"widget\" data-widget_type=\"text-editor.default\">\n\t\t\t\t<div class=\"elementor-widget-container\">\n\t\t\t\t\t\t\t\t\t<p><span _ngcontent-ng-c4139270029=\"\" style=\"color: rgb(26, 28, 30); font-family: Inter, sans-serif; font-size: 14px; white-space-collapse: preserve;\">Martes a S\u00e1bado: Mediod\u00eda y Noche \/ <\/span><span _ngcontent-ng-c4139270029=\"\" style=\"color: rgb(26, 28, 30); font-family: Inter, sans-serif; font-size: 14px; white-space-collapse: preserve;\">Domingos: Mediod\u00eda<\/span><\/p>\t\t\t\t\t\t\t\t<\/div>\n\t\t\t\t<\/div>\n\t\t\t\t<\/div>\n\t\t<div class=\"elementor-element elementor-element-7878eed e-grid e-con-full e-con e-child\" data-id=\"7878eed\" data-element_type=\"container\">\n\t\t\t\t<div class=\"elementor-element elementor-element-eb9378a elementor-widget elementor-widget-image\" data-id=\"eb9378a\" data-element_type=\"widget\" data-widget_type=\"image.default\">\n\t\t\t\t<div class=\"elementor-widget-container\">\n\t\t\t\t\t\t\t\t\t\t\t\t\t\t\t<img fetchpriority=\"high\" decoding=\"async\" width=\"300\" height=\"300\" src=\"https:\/\/marrerocatering.com.ar\/wp-content\/uploads\/2024\/12\/fishy2-300x300.png\" class=\"attachment-medium size-medium wp-image-287\" alt=\"\" srcset=\"https:\/\/marrerocatering.com.ar\/wp-content\/uploads\/2024\/12\/fishy2-300x300.png 300w, https:\/\/marrerocatering.com.ar\/wp-content\/uploads\/2024\/12\/fishy2-150x150.png 150w, https:\/\/marrerocatering.com.ar\/wp-content\/uploads\/2024\/12\/fishy2.png 500w\" sizes=\"(max-width: 300px) 100vw, 300px\" \/>\t\t\t\t\t\t\t\t\t\t\t\t\t\t\t<\/div>\n\t\t\t\t<\/div>\n\t\t\t\t<div class=\"elementor-element elementor-element-0c03b53 elementor-widget__width-inherit elementor-widget elementor-widget-google_maps\" data-id=\"0c03b53\" data-element_type=\"widget\" data-widget_type=\"google_maps.default\">\n\t\t\t\t<div class=\"elementor-widget-container\">\n\t\t\t\t\t\t\t<div class=\"elementor-custom-embed\">\n\t\t\t<iframe loading=\"lazy\"\n\t\t\t\t\tsrc=\"https:\/\/maps.google.com\/maps?q=fishy%20&#038;t=m&#038;z=14&#038;output=embed&#038;iwloc=near\"\n\t\t\t\t\ttitle=\"fishy \"\n\t\t\t\t\taria-label=\"fishy \"\n\t\t\t><\/iframe>\n\t\t<\/div>\n\t\t\t\t\t\t<\/div>\n\t\t\t\t<\/div>\n\t\t\t\t<\/div>\n\t\t<div class=\"elementor-element elementor-element-ef40c81 e-con-full e-grid e-con e-child\" data-id=\"ef40c81\" data-element_type=\"container\">\n\t\t<div class=\"elementor-element elementor-element-d8c8647 e-grid e-con-full e-con e-child\" data-id=\"d8c8647\" data-element_type=\"container\">\n\t\t\t\t<div class=\"elementor-element elementor-element-677ec0a elementor-widget elementor-widget-text-editor\" data-id=\"677ec0a\" data-element_type=\"widget\" data-widget_type=\"text-editor.default\">\n\t\t\t\t<div class=\"elementor-widget-container\">\n\t\t\t\t\t\t\t\t\t<p class=\"ng-star-inserted\"><span class=\"ng-star-inserted\">En FISHY, celebramos el amor por el mar y la pasi\u00f3n por el producto fresco. Nuestra propuesta gastron\u00f3mica se especializa en pescados y mariscos, ofreciendo una cocina moderna y cuidadosa que realza los sabores aut\u00e9nticos a trav\u00e9s de t\u00e9cnicas refinadas. Desde saludables desayunos y nutritivos men\u00fas ejecutivos al mediod\u00eda (con opciones de pescados, mariscos, carnes y vegetarianos), hasta una sofisticada carta nocturna con creaciones de inspiraci\u00f3n oriental, FISHY te invita a disfrutar en un ambiente c\u00e1lido y acogedor, perfecto para cualquier momento del d\u00eda.<\/span><\/p><p class=\"ng-star-inserted\"><span class=\"ng-star-inserted\">Cada semana, te sorprendemos con experiencias \u00fanicas como nuestros Mi\u00e9rcoles de Sushi y Jueves de Paella, adem\u00e1s de sugerencias especiales los fines de semana que resaltan lo mejor de cada estaci\u00f3n. En FISHY, la excelencia reside en la frescura, el cuidado en cada detalle y un servicio atento, garantizando siempre momentos genuinos de disfrute y una experiencia gastron\u00f3mica memorable.<\/span><\/p>\t\t\t\t\t\t\t\t<\/div>\n\t\t\t\t<\/div>\n\t\t<div class=\"elementor-element elementor-element-4f8579e e-grid e-con-full e-con e-child\" data-id=\"4f8579e\" data-element_type=\"container\">\n\t\t\t\t<div class=\"elementor-element elementor-element-3621bc3 elementor-align-center elementor-widget elementor-widget-button\" data-id=\"3621bc3\" data-element_type=\"widget\" data-widget_type=\"button.default\">\n\t\t\t\t<div class=\"elementor-widget-container\">\n\t\t\t\t\t\t\t\t\t<div class=\"elementor-button-wrapper\">\n\t\t\t\t\t<a class=\"elementor-button elementor-button-link elementor-size-sm\" href=\"http:\/\/marrerocatering.com.ar\/wp-content\/uploads\/2025\/09\/Carta-Fishy-Restaurante.pdf\" target=\"_blank\">\n\t\t\t\t\t\t<span class=\"elementor-button-content-wrapper\">\n\t\t\t\t\t\t\t\t\t<span class=\"elementor-button-text\">Ver Carta<\/span>\n\t\t\t\t\t<\/span>\n\t\t\t\t\t<\/a>\n\t\t\t\t<\/div>\n\t\t\t\t\t\t\t\t<\/div>\n\t\t\t\t<\/div>\n\t\t\t\t<div class=\"elementor-element elementor-element-8c8edde elementor-align-center elementor-widget elementor-widget-button\" data-id=\"8c8edde\" data-element_type=\"widget\" data-widget_type=\"button.default\">\n\t\t\t\t<div class=\"elementor-widget-container\">\n\t\t\t\t\t\t\t\t\t<div class=\"elementor-button-wrapper\">\n\t\t\t\t\t<a class=\"elementor-button elementor-button-link elementor-size-sm\" href=\"#\">\n\t\t\t\t\t\t<span class=\"elementor-button-content-wrapper\">\n\t\t\t\t\t\t\t\t\t<span class=\"elementor-button-text\">Hacer Reservaci\u00f3n<\/span>\n\t\t\t\t\t<\/span>\n\t\t\t\t\t<\/a>\n\t\t\t\t<\/div>\n\t\t\t\t\t\t\t\t<\/div>\n\t\t\t\t<\/div>\n\t\t\t\t<\/div>\n\t\t\t\t<\/div>\n\t\t\t\t<div class=\"elementor-element elementor-element-a328fa3 elementor-widget elementor-widget-image\" data-id=\"a328fa3\" data-element_type=\"widget\" data-widget_type=\"image.default\">\n\t\t\t\t<div class=\"elementor-widget-container\">\n\t\t\t\t\t\t\t\t\t\t\t\t\t\t\t<img decoding=\"async\" src=\"https:\/\/marrerocatering.com.ar\/wp-content\/uploads\/2025\/09\/IMG_6218-scaled.jpg\" title=\"IMG_6218\" alt=\"IMG_6218\" loading=\"lazy\" \/>\t\t\t\t\t\t\t\t\t\t\t\t\t\t\t<\/div>\n\t\t\t\t<\/div>\n\t\t\t\t<\/div>\n\t\t\t\t<\/div>\n\t\t\t\t\t<\/div>\n\t\t\t\t<\/div>\n\t\t\t\t<\/div>\n\t\t","protected":false},"excerpt":{"rendered":"<p>Martes a S\u00e1bado: Mediod\u00eda y Noche \/ Domingos: Mediod\u00eda En FISHY, celebramos el amor por el mar y la pasi\u00f3n [&hellip;]<\/p>\n","protected":false},"author":1,"featured_media":0,"parent":0,"menu_order":0,"comment_status":"closed","ping_status":"closed","template":"","meta":{"site-sidebar-layout":"no-sidebar","site-content-layout":"","ast-site-content-layout":"full-width-container","site-content-style":"default","site-sidebar-style":"default","ast-global-header-display":"","ast-banner-title-visibility":"","ast-main-header-display":"","ast-hfb-above-header-display":"","ast-hfb-below-header-display":"","ast-hfb-mobile-header-display":"","site-post-title":"","ast-breadcrumbs-content":"","ast-featured-img":"disabled","footer-sml-layout":"","theme-transparent-header-meta":"","adv-header-id-meta":"","stick-header-meta":"","header-above-stick-meta":"","header-main-stick-meta":"","header-below-stick-meta":"","astra-migrate-meta-layouts":"default","ast-page-background-enabled":"default","ast-page-background-meta":{"desktop":{"background-color":"var(--ast-global-color-4)","background-image":"","background-repeat":"repeat","background-position":"center center","background-size":"auto","background-attachment":"scroll","background-type":"","background-media":"","overlay-type":"","overlay-color":"","overlay-opacity":"","overlay-gradient":""},"tablet":{"background-color":"","background-image":"","background-repeat":"repeat","background-position":"center center","background-size":"auto","background-attachment":"scroll","background-type":"","background-media":"","overlay-type":"","overlay-color":"","overlay-opacity":"","overlay-gradient":""},"mobile":{"background-color":"","background-image":"","background-repeat":"repeat","background-position":"center center","background-size":"auto","background-attachment":"scroll","background-type":"","background-media":"","overlay-type":"","overlay-color":"","overlay-opacity":"","overlay-gradient":""}},"ast-content-background-meta":{"desktop":{"background-color":"var(--ast-global-color-5)","background-image":"","background-repeat":"repeat","background-position":"center center","background-size":"auto","background-attachment":"scroll","background-type":"","background-media":"","overlay-type":"","overlay-color":"","overlay-opacity":"","overlay-gradient":""},"tablet":{"background-color":"var(--ast-global-color-5)","background-image":"","background-repeat":"repeat","background-position":"center center","background-size":"auto","background-attachment":"scroll","background-type":"","background-media":"","overlay-type":"","overlay-color":"","overlay-opacity":"","overlay-gradient":""},"mobile":{"background-color":"var(--ast-global-color-5)","background-image":"","background-repeat":"repeat","background-position":"center center","background-size":"auto","background-attachment":"scroll","background-type":"","background-media":"","overlay-type":"","overlay-color":"","overlay-opacity":"","overlay-gradient":""}},"footnotes":""},"class_list":["post-204","page","type-page","status-publish","hentry"],"_links":{"self":[{"href":"https:\/\/marrerocatering.com.ar\/index.php\/wp-json\/wp\/v2\/pages\/204","targetHints":{"allow":["GET"]}}],"collection":[{"href":"https:\/\/marrerocatering.com.ar\/index.php\/wp-json\/wp\/v2\/pages"}],"about":[{"href":"https:\/\/marrerocatering.com.ar\/index.php\/wp-json\/wp\/v2\/types\/page"}],"author":[{"embeddable":true,"href":"https:\/\/marrerocatering.com.ar\/index.php\/wp-json\/wp\/v2\/users\/1"}],"replies":[{"embeddable":true,"href":"https:\/\/marrerocatering.com.ar\/index.php\/wp-json\/wp\/v2\/comments?post=204"}],"version-history":[{"count":14,"href":"https:\/\/marrerocatering.com.ar\/index.php\/wp-json\/wp\/v2\/pages\/204\/revisions"}],"predecessor-version":[{"id":614,"href":"https:\/\/marrerocatering.com.ar\/index.php\/wp-json\/wp\/v2\/pages\/204\/revisions\/614"}],"wp:attachment":[{"href":"https:\/\/marrerocatering.com.ar\/index.php\/wp-json\/wp\/v2\/media?parent=204"}],"curies":[{"name":"wp","href":"https:\/\/api.w.org\/{rel}","templated":true}]}}