{"id":206,"date":"2024-12-23T18:02:11","date_gmt":"2024-12-23T18:02:11","guid":{"rendered":"https:\/\/marrerocatering.com.ar\/?page_id=206"},"modified":"2025-09-12T17:46:39","modified_gmt":"2025-09-12T17:46:39","slug":"parla","status":"publish","type":"page","link":"https:\/\/marrerocatering.com.ar\/index.php\/parla\/","title":{"rendered":"Parla"},"content":{"rendered":"\t\t<div data-elementor-type=\"wp-page\" data-elementor-id=\"206\" class=\"elementor elementor-206\">\n\t\t\t\t<div class=\"elementor-element elementor-element-f24a1ac e-flex e-con-boxed e-con e-parent\" data-id=\"f24a1ac\" data-element_type=\"container\">\n\t\t\t\t\t<div class=\"e-con-inner\">\n\t\t<div class=\"elementor-element elementor-element-86e251f e-con-full e-flex e-con e-child\" data-id=\"86e251f\" data-element_type=\"container\">\n\t\t<div class=\"elementor-element elementor-element-582fdea e-con-full e-flex e-con e-child\" data-id=\"582fdea\" data-element_type=\"container\">\n\t\t\t\t<div class=\"elementor-element elementor-element-bed6ecc elementor-widget elementor-widget-text-editor\" data-id=\"bed6ecc\" data-element_type=\"widget\" data-widget_type=\"text-editor.default\">\n\t\t\t\t<div class=\"elementor-widget-container\">\n\t\t\t\t\t\t\t\t\t<p><span style=\"color: #1a1c1e; font-family: Inter, sans-serif; font-size: 14px; white-space-collapse: preserve;\">Martes a domingo: Mediod\u00eda y Noche<\/span><\/p>\t\t\t\t\t\t\t\t<\/div>\n\t\t\t\t<\/div>\n\t\t\t\t<\/div>\n\t\t<div class=\"elementor-element elementor-element-b85024b e-grid e-con-full e-con e-child\" data-id=\"b85024b\" data-element_type=\"container\">\n\t\t\t\t<div class=\"elementor-element elementor-element-734ce2e elementor-widget elementor-widget-image\" data-id=\"734ce2e\" data-element_type=\"widget\" data-widget_type=\"image.default\">\n\t\t\t\t<div class=\"elementor-widget-container\">\n\t\t\t\t\t\t\t\t\t\t\t\t\t\t\t<img fetchpriority=\"high\" decoding=\"async\" width=\"300\" height=\"300\" src=\"https:\/\/marrerocatering.com.ar\/wp-content\/uploads\/2024\/12\/parla2-300x300.png\" class=\"attachment-medium size-medium wp-image-290\" alt=\"\" srcset=\"https:\/\/marrerocatering.com.ar\/wp-content\/uploads\/2024\/12\/parla2-300x300.png 300w, https:\/\/marrerocatering.com.ar\/wp-content\/uploads\/2024\/12\/parla2-150x150.png 150w, https:\/\/marrerocatering.com.ar\/wp-content\/uploads\/2024\/12\/parla2.png 500w\" sizes=\"(max-width: 300px) 100vw, 300px\" \/>\t\t\t\t\t\t\t\t\t\t\t\t\t\t\t<\/div>\n\t\t\t\t<\/div>\n\t\t\t\t<div class=\"elementor-element elementor-element-b473c2f elementor-widget__width-inherit elementor-widget elementor-widget-google_maps\" data-id=\"b473c2f\" data-element_type=\"widget\" data-widget_type=\"google_maps.default\">\n\t\t\t\t<div class=\"elementor-widget-container\">\n\t\t\t\t\t\t\t<div class=\"elementor-custom-embed\">\n\t\t\t<iframe loading=\"lazy\"\n\t\t\t\t\tsrc=\"https:\/\/maps.google.com\/maps?q=parla%20res&#038;t=m&#038;z=14&#038;output=embed&#038;iwloc=near\"\n\t\t\t\t\ttitle=\"parla res\"\n\t\t\t\t\taria-label=\"parla res\"\n\t\t\t><\/iframe>\n\t\t<\/div>\n\t\t\t\t\t\t<\/div>\n\t\t\t\t<\/div>\n\t\t\t\t<\/div>\n\t\t<div class=\"elementor-element elementor-element-a552dac e-con-full e-grid e-con e-child\" data-id=\"a552dac\" data-element_type=\"container\">\n\t\t<div class=\"elementor-element elementor-element-ab7bd37 e-grid e-con-full e-con e-child\" data-id=\"ab7bd37\" data-element_type=\"container\">\n\t\t\t\t<div class=\"elementor-element elementor-element-f2b90df elementor-widget elementor-widget-text-editor\" data-id=\"f2b90df\" data-element_type=\"widget\" data-widget_type=\"text-editor.default\">\n\t\t\t\t<div class=\"elementor-widget-container\">\n\t\t\t\t\t\t\t\t\t<p class=\"ng-star-inserted\">Con dos direcciones en R\u00edo Cuarto, <span style=\"font-weight: 400;\">Pizza e Caff\u00e9 Parla nace del sue\u00f1o de una familia que, inspirada en una receta de pizza napolitana y guiada por su amor por la cocina, adapt\u00f3 el arte italiano al paladar argentino. Con una apuesta firme a la calidad y al respeto por cada ingrediente, en Parla cada detalle est\u00e1 pensado para ofrecer una experiencia aut\u00e9ntica, simple y memorable.<\/span><\/p>\n<p class=\"ng-star-inserted\"><span style=\"font-weight: 400;\">Nuestro coraz\u00f3n es la pizza: masa de fermentaci\u00f3n natural, cocci\u00f3n precisa, sabores intensos y frescos que evocan el esp\u00edritu de N\u00e1poles, reinterpretado con el alma local. Acompa\u00f1an esta propuesta una cafeter\u00eda de excelencia y una carta pensada para todos los momentos, con pastas artesanales, arroces, ensaladas frescas y empanadas caseras.<\/span><\/p>\t\t\t\t\t\t\t\t<\/div>\n\t\t\t\t<\/div>\n\t\t<div class=\"elementor-element elementor-element-e611077 e-grid e-con-full e-con e-child\" data-id=\"e611077\" data-element_type=\"container\">\n\t\t\t\t<div class=\"elementor-element elementor-element-5ad1ac9 elementor-align-center elementor-widget elementor-widget-button\" data-id=\"5ad1ac9\" data-element_type=\"widget\" data-widget_type=\"button.default\">\n\t\t\t\t<div class=\"elementor-widget-container\">\n\t\t\t\t\t\t\t\t\t<div class=\"elementor-button-wrapper\">\n\t\t\t\t\t<a class=\"elementor-button elementor-button-link elementor-size-sm\" href=\"http:\/\/marrerocatering.com.ar\/wp-content\/uploads\/2025\/09\/CARTA-INVIERNO-PARLA.pdf\" target=\"_blank\">\n\t\t\t\t\t\t<span class=\"elementor-button-content-wrapper\">\n\t\t\t\t\t\t\t\t\t<span class=\"elementor-button-text\">Ver Carta<\/span>\n\t\t\t\t\t<\/span>\n\t\t\t\t\t<\/a>\n\t\t\t\t<\/div>\n\t\t\t\t\t\t\t\t<\/div>\n\t\t\t\t<\/div>\n\t\t\t\t<div class=\"elementor-element elementor-element-a08a7c3 elementor-align-center elementor-widget elementor-widget-button\" data-id=\"a08a7c3\" data-element_type=\"widget\" data-widget_type=\"button.default\">\n\t\t\t\t<div class=\"elementor-widget-container\">\n\t\t\t\t\t\t\t\t\t<div class=\"elementor-button-wrapper\">\n\t\t\t\t\t<a class=\"elementor-button elementor-button-link elementor-size-sm\" href=\"#\">\n\t\t\t\t\t\t<span class=\"elementor-button-content-wrapper\">\n\t\t\t\t\t\t\t\t\t<span class=\"elementor-button-text\">Hacer Reservaci\u00f3n<\/span>\n\t\t\t\t\t<\/span>\n\t\t\t\t\t<\/a>\n\t\t\t\t<\/div>\n\t\t\t\t\t\t\t\t<\/div>\n\t\t\t\t<\/div>\n\t\t\t\t<\/div>\n\t\t\t\t<\/div>\n\t\t\t\t<div class=\"elementor-element elementor-element-3624af9 elementor-widget elementor-widget-image\" data-id=\"3624af9\" data-element_type=\"widget\" data-widget_type=\"image.default\">\n\t\t\t\t<div class=\"elementor-widget-container\">\n\t\t\t\t\t\t\t\t\t\t\t\t\t\t\t<img decoding=\"async\" src=\"https:\/\/marrerocatering.com.ar\/wp-content\/uploads\/2025\/09\/IMG_6218-scaled.jpg\" title=\"IMG_6218\" alt=\"IMG_6218\" loading=\"lazy\" \/>\t\t\t\t\t\t\t\t\t\t\t\t\t\t\t<\/div>\n\t\t\t\t<\/div>\n\t\t\t\t<\/div>\n\t\t\t\t<\/div>\n\t\t\t\t\t<\/div>\n\t\t\t\t<\/div>\n\t\t\t\t<\/div>\n\t\t","protected":false},"excerpt":{"rendered":"<p>Martes a domingo: Mediod\u00eda y Noche Con dos direcciones en R\u00edo Cuarto, Pizza e Caff\u00e9 Parla nace del sue\u00f1o de [&hellip;]<\/p>\n","protected":false},"author":1,"featured_media":0,"parent":0,"menu_order":0,"comment_status":"closed","ping_status":"closed","template":"","meta":{"site-sidebar-layout":"no-sidebar","site-content-layout":"","ast-site-content-layout":"full-width-container","site-content-style":"default","site-sidebar-style":"default","ast-global-header-display":"","ast-banner-title-visibility":"","ast-main-header-display":"","ast-hfb-above-header-display":"","ast-hfb-below-header-display":"","ast-hfb-mobile-header-display":"","site-post-title":"disabled","ast-breadcrumbs-content":"","ast-featured-img":"disabled","footer-sml-layout":"","theme-transparent-header-meta":"","adv-header-id-meta":"","stick-header-meta":"","header-above-stick-meta":"","header-main-stick-meta":"","header-below-stick-meta":"","astra-migrate-meta-layouts":"default","ast-page-background-enabled":"default","ast-page-background-meta":{"desktop":{"background-color":"var(--ast-global-color-4)","background-image":"","background-repeat":"repeat","background-position":"center center","background-size":"auto","background-attachment":"scroll","background-type":"","background-media":"","overlay-type":"","overlay-color":"","overlay-opacity":"","overlay-gradient":""},"tablet":{"background-color":"","background-image":"","background-repeat":"repeat","background-position":"center center","background-size":"auto","background-attachment":"scroll","background-type":"","background-media":"","overlay-type":"","overlay-color":"","overlay-opacity":"","overlay-gradient":""},"mobile":{"background-color":"","background-image":"","background-repeat":"repeat","background-position":"center center","background-size":"auto","background-attachment":"scroll","background-type":"","background-media":"","overlay-type":"","overlay-color":"","overlay-opacity":"","overlay-gradient":""}},"ast-content-background-meta":{"desktop":{"background-color":"var(--ast-global-color-5)","background-image":"","background-repeat":"repeat","background-position":"center center","background-size":"auto","background-attachment":"scroll","background-type":"","background-media":"","overlay-type":"","overlay-color":"","overlay-opacity":"","overlay-gradient":""},"tablet":{"background-color":"var(--ast-global-color-5)","background-image":"","background-repeat":"repeat","background-position":"center center","background-size":"auto","background-attachment":"scroll","background-type":"","background-media":"","overlay-type":"","overlay-color":"","overlay-opacity":"","overlay-gradient":""},"mobile":{"background-color":"var(--ast-global-color-5)","background-image":"","background-repeat":"repeat","background-position":"center center","background-size":"auto","background-attachment":"scroll","background-type":"","background-media":"","overlay-type":"","overlay-color":"","overlay-opacity":"","overlay-gradient":""}},"footnotes":""},"class_list":["post-206","page","type-page","status-publish","hentry"],"_links":{"self":[{"href":"https:\/\/marrerocatering.com.ar\/index.php\/wp-json\/wp\/v2\/pages\/206","targetHints":{"allow":["GET"]}}],"collection":[{"href":"https:\/\/marrerocatering.com.ar\/index.php\/wp-json\/wp\/v2\/pages"}],"about":[{"href":"https:\/\/marrerocatering.com.ar\/index.php\/wp-json\/wp\/v2\/types\/page"}],"author":[{"embeddable":true,"href":"https:\/\/marrerocatering.com.ar\/index.php\/wp-json\/wp\/v2\/users\/1"}],"replies":[{"embeddable":true,"href":"https:\/\/marrerocatering.com.ar\/index.php\/wp-json\/wp\/v2\/comments?post=206"}],"version-history":[{"count":21,"href":"https:\/\/marrerocatering.com.ar\/index.php\/wp-json\/wp\/v2\/pages\/206\/revisions"}],"predecessor-version":[{"id":597,"href":"https:\/\/marrerocatering.com.ar\/index.php\/wp-json\/wp\/v2\/pages\/206\/revisions\/597"}],"wp:attachment":[{"href":"https:\/\/marrerocatering.com.ar\/index.php\/wp-json\/wp\/v2\/media?parent=206"}],"curies":[{"name":"wp","href":"https:\/\/api.w.org\/{rel}","templated":true}]}}