{"id":212,"date":"2024-12-23T18:03:20","date_gmt":"2024-12-23T18:03:20","guid":{"rendered":"https:\/\/marrerocatering.com.ar\/?page_id=212"},"modified":"2025-09-12T17:32:51","modified_gmt":"2025-09-12T17:32:51","slug":"golf","status":"publish","type":"page","link":"https:\/\/marrerocatering.com.ar\/index.php\/golf\/","title":{"rendered":"golf Restaurant"},"content":{"rendered":"\t\t<div data-elementor-type=\"wp-page\" data-elementor-id=\"212\" class=\"elementor elementor-212\">\n\t\t\t\t<div class=\"elementor-element elementor-element-93a849c e-flex e-con-boxed e-con e-parent\" data-id=\"93a849c\" data-element_type=\"container\">\n\t\t\t\t\t<div class=\"e-con-inner\">\n\t\t<div class=\"elementor-element elementor-element-ac3029b e-con-full e-flex e-con e-child\" data-id=\"ac3029b\" data-element_type=\"container\">\n\t\t\t\t<div class=\"elementor-element elementor-element-b0a5445 elementor-widget elementor-widget-text-editor\" data-id=\"b0a5445\" data-element_type=\"widget\" data-widget_type=\"text-editor.default\">\n\t\t\t\t<div class=\"elementor-widget-container\">\n\t\t\t\t\t\t\t\t\t<p><span _ngcontent-ng-c4139270029=\"\" style=\"color: rgb(26, 28, 30); font-family: Inter, sans-serif; font-size: 14px; white-space-collapse: preserve;\">Martes a S\u00e1bado: Mediod\u00eda y Noche \/ <\/span><span _ngcontent-ng-c4139270029=\"\" style=\"color: rgb(26, 28, 30); font-family: Inter, sans-serif; font-size: 14px; white-space-collapse: preserve;\">Domingos: Mediod\u00eda<\/span><\/p>\t\t\t\t\t\t\t\t<\/div>\n\t\t\t\t<\/div>\n\t\t\t\t<\/div>\n\t\t<div class=\"elementor-element elementor-element-16b9fb3 e-grid e-con-full e-con e-child\" data-id=\"16b9fb3\" data-element_type=\"container\">\n\t\t\t\t<div class=\"elementor-element elementor-element-8d854f5 elementor-widget elementor-widget-image\" data-id=\"8d854f5\" data-element_type=\"widget\" data-widget_type=\"image.default\">\n\t\t\t\t<div class=\"elementor-widget-container\">\n\t\t\t\t\t\t\t\t\t\t\t\t\t\t\t<img fetchpriority=\"high\" decoding=\"async\" width=\"300\" height=\"300\" src=\"https:\/\/marrerocatering.com.ar\/wp-content\/uploads\/2024\/12\/golf2-300x300.png\" class=\"attachment-medium size-medium wp-image-288\" alt=\"\" srcset=\"https:\/\/marrerocatering.com.ar\/wp-content\/uploads\/2024\/12\/golf2-300x300.png 300w, https:\/\/marrerocatering.com.ar\/wp-content\/uploads\/2024\/12\/golf2-150x150.png 150w, https:\/\/marrerocatering.com.ar\/wp-content\/uploads\/2024\/12\/golf2.png 500w\" sizes=\"(max-width: 300px) 100vw, 300px\" \/>\t\t\t\t\t\t\t\t\t\t\t\t\t\t\t<\/div>\n\t\t\t\t<\/div>\n\t\t\t\t<div class=\"elementor-element elementor-element-b10bdc4 elementor-widget__width-inherit elementor-widget elementor-widget-google_maps\" data-id=\"b10bdc4\" data-element_type=\"widget\" data-widget_type=\"google_maps.default\">\n\t\t\t\t<div class=\"elementor-widget-container\">\n\t\t\t\t\t\t\t<div class=\"elementor-custom-embed\">\n\t\t\t<iframe loading=\"lazy\"\n\t\t\t\t\tsrc=\"https:\/\/maps.google.com\/maps?q=golf%20club%20restaurante&#038;t=m&#038;z=14&#038;output=embed&#038;iwloc=near\"\n\t\t\t\t\ttitle=\"golf club restaurante\"\n\t\t\t\t\taria-label=\"golf club restaurante\"\n\t\t\t><\/iframe>\n\t\t<\/div>\n\t\t\t\t\t\t<\/div>\n\t\t\t\t<\/div>\n\t\t\t\t<\/div>\n\t\t<div class=\"elementor-element elementor-element-3e02cf2 e-con-full e-grid e-con e-child\" data-id=\"3e02cf2\" data-element_type=\"container\">\n\t\t<div class=\"elementor-element elementor-element-646af5a e-grid e-con-full e-con e-child\" data-id=\"646af5a\" data-element_type=\"container\">\n\t\t\t\t<div class=\"elementor-element elementor-element-8c6e13c elementor-widget elementor-widget-text-editor\" data-id=\"8c6e13c\" data-element_type=\"widget\" data-widget_type=\"text-editor.default\">\n\t\t\t\t<div class=\"elementor-widget-container\">\n\t\t\t\t\t\t\t\t\t<p class=\"ng-star-inserted\"><span class=\"ng-star-inserted\">Descubr\u00cd un destino gastron\u00f3mico donde la cocina cl\u00e1sica y sofisticada se encuentra con la innovaci\u00f3n. Ubicado en el id\u00edlico Golf Club R\u00edo Cuarto, ofrecemos un ambiente sereno y acogedor, perfecto para cualquier ocasi\u00f3n: desde almuerzos ejecutivos hasta cenas especiales y reuniones con amigos.<\/span><\/p><p class=\"ng-star-inserted\"><span class=\"ng-star-inserted\">Disfruta de men\u00fas de estaci\u00f3n, degustaciones de sabores del mundo y viandas para llevar. Nuestro equipo de profesionales garantiza un servicio impecable, cuidando cada detalle para ofrecerte una experiencia memorable y \u00fanica<\/span><\/p>\t\t\t\t\t\t\t\t<\/div>\n\t\t\t\t<\/div>\n\t\t<div class=\"elementor-element elementor-element-917d078 e-grid e-con-full e-con e-child\" data-id=\"917d078\" data-element_type=\"container\">\n\t\t\t\t<div class=\"elementor-element elementor-element-0f3bd46 elementor-align-center elementor-widget elementor-widget-button\" data-id=\"0f3bd46\" data-element_type=\"widget\" data-widget_type=\"button.default\">\n\t\t\t\t<div class=\"elementor-widget-container\">\n\t\t\t\t\t\t\t\t\t<div class=\"elementor-button-wrapper\">\n\t\t\t\t\t<a class=\"elementor-button elementor-button-link elementor-size-sm\" href=\"http:\/\/marrerocatering.com.ar\/wp-content\/uploads\/2025\/09\/CARTA-RESTAURANTE-GOLF.pdf\" target=\"_blank\">\n\t\t\t\t\t\t<span class=\"elementor-button-content-wrapper\">\n\t\t\t\t\t\t\t\t\t<span class=\"elementor-button-text\">Ver Carta<\/span>\n\t\t\t\t\t<\/span>\n\t\t\t\t\t<\/a>\n\t\t\t\t<\/div>\n\t\t\t\t\t\t\t\t<\/div>\n\t\t\t\t<\/div>\n\t\t\t\t<div class=\"elementor-element elementor-element-4b2908e elementor-align-center elementor-widget elementor-widget-button\" data-id=\"4b2908e\" data-element_type=\"widget\" data-widget_type=\"button.default\">\n\t\t\t\t<div class=\"elementor-widget-container\">\n\t\t\t\t\t\t\t\t\t<div class=\"elementor-button-wrapper\">\n\t\t\t\t\t<a class=\"elementor-button elementor-button-link elementor-size-sm\" href=\"#\">\n\t\t\t\t\t\t<span class=\"elementor-button-content-wrapper\">\n\t\t\t\t\t\t\t\t\t<span class=\"elementor-button-text\">Hacer Reservaci\u00f3n<\/span>\n\t\t\t\t\t<\/span>\n\t\t\t\t\t<\/a>\n\t\t\t\t<\/div>\n\t\t\t\t\t\t\t\t<\/div>\n\t\t\t\t<\/div>\n\t\t\t\t<\/div>\n\t\t\t\t<\/div>\n\t\t\t\t<div class=\"elementor-element elementor-element-be5798a elementor-widget elementor-widget-image\" data-id=\"be5798a\" data-element_type=\"widget\" data-widget_type=\"image.default\">\n\t\t\t\t<div class=\"elementor-widget-container\">\n\t\t\t\t\t\t\t\t\t\t\t\t\t\t\t<img decoding=\"async\" src=\"https:\/\/marrerocatering.com.ar\/wp-content\/uploads\/2025\/09\/IMG_6218-scaled.jpg\" title=\"IMG_6218\" alt=\"IMG_6218\" loading=\"lazy\" \/>\t\t\t\t\t\t\t\t\t\t\t\t\t\t\t<\/div>\n\t\t\t\t<\/div>\n\t\t\t\t<\/div>\n\t\t\t\t\t<\/div>\n\t\t\t\t<\/div>\n\t\t<div class=\"elementor-element elementor-element-1af9e1c e-grid e-con-boxed e-con e-parent\" data-id=\"1af9e1c\" data-element_type=\"container\">\n\t\t\t\t\t<div class=\"e-con-inner\">\n\t\t\t\t<div class=\"elementor-element elementor-element-a10888b gallery-spacing-custom elementor-widget elementor-widget-image-gallery\" data-id=\"a10888b\" data-element_type=\"widget\" data-widget_type=\"image-gallery.default\">\n\t\t\t\t<div class=\"elementor-widget-container\">\n\t\t\t\t\t\t\t<div class=\"elementor-image-gallery\">\n\t\t\t<div id='gallery-1' class='gallery galleryid-212 gallery-columns-4 gallery-size-medium_large'><figure class='gallery-item'>\n\t\t\t<div class='gallery-icon landscape'>\n\t\t\t\t<img decoding=\"async\" width=\"768\" height=\"614\" src=\"https:\/\/marrerocatering.com.ar\/wp-content\/uploads\/2025\/09\/1980-768x614.jpg\" class=\"attachment-medium_large size-medium_large\" alt=\"\" srcset=\"https:\/\/marrerocatering.com.ar\/wp-content\/uploads\/2025\/09\/1980-768x614.jpg 768w, https:\/\/marrerocatering.com.ar\/wp-content\/uploads\/2025\/09\/1980-300x240.jpg 300w, https:\/\/marrerocatering.com.ar\/wp-content\/uploads\/2025\/09\/1980-1024x819.jpg 1024w, https:\/\/marrerocatering.com.ar\/wp-content\/uploads\/2025\/09\/1980-1536x1229.jpg 1536w, https:\/\/marrerocatering.com.ar\/wp-content\/uploads\/2025\/09\/1980-2048x1638.jpg 2048w\" sizes=\"(max-width: 768px) 100vw, 768px\" \/>\n\t\t\t<\/div><\/figure><figure class='gallery-item'>\n\t\t\t<div class='gallery-icon landscape'>\n\t\t\t\t<img decoding=\"async\" width=\"768\" height=\"512\" src=\"https:\/\/marrerocatering.com.ar\/wp-content\/uploads\/2025\/09\/76518-768x512.jpg\" class=\"attachment-medium_large size-medium_large\" alt=\"\" aria-describedby=\"gallery-1-552\" srcset=\"https:\/\/marrerocatering.com.ar\/wp-content\/uploads\/2025\/09\/76518-768x512.jpg 768w, https:\/\/marrerocatering.com.ar\/wp-content\/uploads\/2025\/09\/76518-300x200.jpg 300w, https:\/\/marrerocatering.com.ar\/wp-content\/uploads\/2025\/09\/76518-1024x683.jpg 1024w, https:\/\/marrerocatering.com.ar\/wp-content\/uploads\/2025\/09\/76518-1536x1025.jpg 1536w\" sizes=\"(max-width: 768px) 100vw, 768px\" \/>\n\t\t\t<\/div>\n\t\t\t\t<figcaption class='wp-caption-text gallery-caption' id='gallery-1-552'>\n\t\t\t\tgrilled barbecue ribs pork with rosemary and tomatoes\n\t\t\t\t<\/figcaption><\/figure><figure class='gallery-item'>\n\t\t\t<div class='gallery-icon landscape'>\n\t\t\t\t<img loading=\"lazy\" decoding=\"async\" width=\"768\" height=\"512\" src=\"https:\/\/marrerocatering.com.ar\/wp-content\/uploads\/2025\/09\/87712-768x512.jpg\" class=\"attachment-medium_large size-medium_large\" alt=\"\" aria-describedby=\"gallery-1-553\" srcset=\"https:\/\/marrerocatering.com.ar\/wp-content\/uploads\/2025\/09\/87712-768x512.jpg 768w, https:\/\/marrerocatering.com.ar\/wp-content\/uploads\/2025\/09\/87712-300x200.jpg 300w, https:\/\/marrerocatering.com.ar\/wp-content\/uploads\/2025\/09\/87712-1024x683.jpg 1024w, https:\/\/marrerocatering.com.ar\/wp-content\/uploads\/2025\/09\/87712-1536x1025.jpg 1536w\" sizes=\"(max-width: 768px) 100vw, 768px\" \/>\n\t\t\t<\/div>\n\t\t\t\t<figcaption class='wp-caption-text gallery-caption' id='gallery-1-553'>\n\t\t\t\tgrilled barbecue ribs pork with rosemary and tomatoes\n\t\t\t\t<\/figcaption><\/figure><figure class='gallery-item'>\n\t\t\t<div class='gallery-icon landscape'>\n\t\t\t\t<img loading=\"lazy\" decoding=\"async\" width=\"768\" height=\"512\" src=\"https:\/\/marrerocatering.com.ar\/wp-content\/uploads\/2025\/09\/IMG_6282-768x512.jpg\" class=\"attachment-medium_large size-medium_large\" alt=\"\" srcset=\"https:\/\/marrerocatering.com.ar\/wp-content\/uploads\/2025\/09\/IMG_6282-768x512.jpg 768w, https:\/\/marrerocatering.com.ar\/wp-content\/uploads\/2025\/09\/IMG_6282-300x200.jpg 300w, https:\/\/marrerocatering.com.ar\/wp-content\/uploads\/2025\/09\/IMG_6282-1024x683.jpg 1024w, https:\/\/marrerocatering.com.ar\/wp-content\/uploads\/2025\/09\/IMG_6282-1536x1024.jpg 1536w, https:\/\/marrerocatering.com.ar\/wp-content\/uploads\/2025\/09\/IMG_6282-2048x1365.jpg 2048w\" sizes=\"(max-width: 768px) 100vw, 768px\" \/>\n\t\t\t<\/div><\/figure><figure class='gallery-item'>\n\t\t\t<div class='gallery-icon landscape'>\n\t\t\t\t<img loading=\"lazy\" decoding=\"async\" width=\"768\" height=\"512\" src=\"https:\/\/marrerocatering.com.ar\/wp-content\/uploads\/2025\/09\/IMG_6284-768x512.jpg\" class=\"attachment-medium_large size-medium_large\" alt=\"\" srcset=\"https:\/\/marrerocatering.com.ar\/wp-content\/uploads\/2025\/09\/IMG_6284-768x512.jpg 768w, https:\/\/marrerocatering.com.ar\/wp-content\/uploads\/2025\/09\/IMG_6284-300x200.jpg 300w, https:\/\/marrerocatering.com.ar\/wp-content\/uploads\/2025\/09\/IMG_6284-1024x683.jpg 1024w, https:\/\/marrerocatering.com.ar\/wp-content\/uploads\/2025\/09\/IMG_6284-1536x1024.jpg 1536w, https:\/\/marrerocatering.com.ar\/wp-content\/uploads\/2025\/09\/IMG_6284-2048x1365.jpg 2048w\" sizes=\"(max-width: 768px) 100vw, 768px\" \/>\n\t\t\t<\/div><\/figure><figure class='gallery-item'>\n\t\t\t<div class='gallery-icon landscape'>\n\t\t\t\t<img loading=\"lazy\" decoding=\"async\" width=\"768\" height=\"512\" src=\"https:\/\/marrerocatering.com.ar\/wp-content\/uploads\/2025\/09\/IMG_6303-768x512.jpg\" class=\"attachment-medium_large size-medium_large\" alt=\"\" srcset=\"https:\/\/marrerocatering.com.ar\/wp-content\/uploads\/2025\/09\/IMG_6303-768x512.jpg 768w, https:\/\/marrerocatering.com.ar\/wp-content\/uploads\/2025\/09\/IMG_6303-300x200.jpg 300w, https:\/\/marrerocatering.com.ar\/wp-content\/uploads\/2025\/09\/IMG_6303-1024x683.jpg 1024w, https:\/\/marrerocatering.com.ar\/wp-content\/uploads\/2025\/09\/IMG_6303-1536x1024.jpg 1536w, https:\/\/marrerocatering.com.ar\/wp-content\/uploads\/2025\/09\/IMG_6303-2048x1365.jpg 2048w\" sizes=\"(max-width: 768px) 100vw, 768px\" \/>\n\t\t\t<\/div><\/figure>\n\t\t<\/div>\n\t\t<\/div>\n\t\t\t\t\t\t<\/div>\n\t\t\t\t<\/div>\n\t\t\t\t\t<\/div>\n\t\t\t\t<\/div>\n\t\t\t\t<\/div>\n\t\t","protected":false},"excerpt":{"rendered":"<p>Martes a S\u00e1bado: Mediod\u00eda y Noche \/ Domingos: Mediod\u00eda Descubr\u00cd un destino gastron\u00f3mico donde la cocina cl\u00e1sica y sofisticada se [&hellip;]<\/p>\n","protected":false},"author":1,"featured_media":0,"parent":0,"menu_order":0,"comment_status":"closed","ping_status":"closed","template":"","meta":{"site-sidebar-layout":"no-sidebar","site-content-layout":"","ast-site-content-layout":"full-width-container","site-content-style":"default","site-sidebar-style":"default","ast-global-header-display":"","ast-banner-title-visibility":"","ast-main-header-display":"","ast-hfb-above-header-display":"","ast-hfb-below-header-display":"","ast-hfb-mobile-header-display":"","site-post-title":"disabled","ast-breadcrumbs-content":"","ast-featured-img":"","footer-sml-layout":"","theme-transparent-header-meta":"","adv-header-id-meta":"","stick-header-meta":"","header-above-stick-meta":"","header-main-stick-meta":"","header-below-stick-meta":"","astra-migrate-meta-layouts":"default","ast-page-background-enabled":"default","ast-page-background-meta":{"desktop":{"background-color":"var(--ast-global-color-4)","background-image":"","background-repeat":"repeat","background-position":"center center","background-size":"auto","background-attachment":"scroll","background-type":"","background-media":"","overlay-type":"","overlay-color":"","overlay-opacity":"","overlay-gradient":""},"tablet":{"background-color":"","background-image":"","background-repeat":"repeat","background-position":"center center","background-size":"auto","background-attachment":"scroll","background-type":"","background-media":"","overlay-type":"","overlay-color":"","overlay-opacity":"","overlay-gradient":""},"mobile":{"background-color":"","background-image":"","background-repeat":"repeat","background-position":"center center","background-size":"auto","background-attachment":"scroll","background-type":"","background-media":"","overlay-type":"","overlay-color":"","overlay-opacity":"","overlay-gradient":""}},"ast-content-background-meta":{"desktop":{"background-color":"var(--ast-global-color-5)","background-image":"","background-repeat":"repeat","background-position":"center center","background-size":"auto","background-attachment":"scroll","background-type":"","background-media":"","overlay-type":"","overlay-color":"","overlay-opacity":"","overlay-gradient":""},"tablet":{"background-color":"var(--ast-global-color-5)","background-image":"","background-repeat":"repeat","background-position":"center center","background-size":"auto","background-attachment":"scroll","background-type":"","background-media":"","overlay-type":"","overlay-color":"","overlay-opacity":"","overlay-gradient":""},"mobile":{"background-color":"var(--ast-global-color-5)","background-image":"","background-repeat":"repeat","background-position":"center center","background-size":"auto","background-attachment":"scroll","background-type":"","background-media":"","overlay-type":"","overlay-color":"","overlay-opacity":"","overlay-gradient":""}},"footnotes":""},"class_list":["post-212","page","type-page","status-publish","hentry"],"_links":{"self":[{"href":"https:\/\/marrerocatering.com.ar\/index.php\/wp-json\/wp\/v2\/pages\/212","targetHints":{"allow":["GET"]}}],"collection":[{"href":"https:\/\/marrerocatering.com.ar\/index.php\/wp-json\/wp\/v2\/pages"}],"about":[{"href":"https:\/\/marrerocatering.com.ar\/index.php\/wp-json\/wp\/v2\/types\/page"}],"author":[{"embeddable":true,"href":"https:\/\/marrerocatering.com.ar\/index.php\/wp-json\/wp\/v2\/users\/1"}],"replies":[{"embeddable":true,"href":"https:\/\/marrerocatering.com.ar\/index.php\/wp-json\/wp\/v2\/comments?post=212"}],"version-history":[{"count":110,"href":"https:\/\/marrerocatering.com.ar\/index.php\/wp-json\/wp\/v2\/pages\/212\/revisions"}],"predecessor-version":[{"id":576,"href":"https:\/\/marrerocatering.com.ar\/index.php\/wp-json\/wp\/v2\/pages\/212\/revisions\/576"}],"wp:attachment":[{"href":"https:\/\/marrerocatering.com.ar\/index.php\/wp-json\/wp\/v2\/media?parent=212"}],"curies":[{"name":"wp","href":"https:\/\/api.w.org\/{rel}","templated":true}]}}