{"id":9,"date":"2024-12-20T22:30:17","date_gmt":"2024-12-20T22:30:17","guid":{"rendered":"https:\/\/marrerocatering.com.ar\/?page_id=9"},"modified":"2025-09-12T17:47:33","modified_gmt":"2025-09-12T17:47:33","slug":"home1","status":"publish","type":"page","link":"https:\/\/marrerocatering.com.ar\/","title":{"rendered":"home1"},"content":{"rendered":"\t\t<div data-elementor-type=\"wp-page\" data-elementor-id=\"9\" class=\"elementor elementor-9\">\n\t\t\t\t<div class=\"elementor-element elementor-element-233bcef e-flex e-con-boxed e-con e-parent\" data-id=\"233bcef\" data-element_type=\"container\" data-settings=\"{&quot;background_background&quot;:&quot;classic&quot;}\">\n\t\t\t\t\t<div class=\"e-con-inner\">\n\t\t<div class=\"elementor-element elementor-element-8d8122c e-flex e-con-boxed e-con e-child\" data-id=\"8d8122c\" data-element_type=\"container\">\n\t\t\t\t\t<div class=\"e-con-inner\">\n\t\t\t\t<div class=\"elementor-element elementor-element-0c521c5 elementor-widget elementor-widget-heading\" data-id=\"0c521c5\" data-element_type=\"widget\" data-widget_type=\"heading.default\">\n\t\t\t\t<div class=\"elementor-widget-container\">\n\t\t\t\t\t<h2 class=\"elementor-heading-title elementor-size-default\">Familia, tradici\u00f3n e innovaci\u00f3n<\/h2>\t\t\t\t<\/div>\n\t\t\t\t<\/div>\n\t\t\t\t<div class=\"elementor-element elementor-element-f8c67b1 elementor-widget elementor-widget-text-editor\" data-id=\"f8c67b1\" data-element_type=\"widget\" data-widget_type=\"text-editor.default\">\n\t\t\t\t<div class=\"elementor-widget-container\">\n\t\t\t\t\t\t\t\t\t<p class=\"text-balance\">Un universo de experiencias gastron\u00f3micas adaptadas a cada momento<\/p>\t\t\t\t\t\t\t\t<\/div>\n\t\t\t\t<\/div>\n\t\t\t\t\t<\/div>\n\t\t\t\t<\/div>\n\t\t<div class=\"elementor-element elementor-element-1469889 e-con-full e-flex e-con e-child\" data-id=\"1469889\" data-element_type=\"container\" id=\"servicios\">\n\t\t\t\t<div class=\"elementor-element elementor-element-548d284 elementor-widget elementor-widget-heading\" data-id=\"548d284\" data-element_type=\"widget\" data-widget_type=\"heading.default\">\n\t\t\t\t<div class=\"elementor-widget-container\">\n\t\t\t\t\t<h2 class=\"elementor-heading-title elementor-size-default\">Nuestros Servicios<\/h2>\t\t\t\t<\/div>\n\t\t\t\t<\/div>\n\t\t\t\t<div class=\"elementor-element elementor-element-259ba11 elementor-widget elementor-widget-text-editor\" data-id=\"259ba11\" data-element_type=\"widget\" data-widget_type=\"text-editor.default\">\n\t\t\t\t<div class=\"elementor-widget-container\">\n\t\t\t\t\t\t\t\t\t<p>Una variedad de propuestas que integran calidez, sofisticaci\u00f3n y sabor.<\/p>\t\t\t\t\t\t\t\t<\/div>\n\t\t\t\t<\/div>\n\t\t<div class=\"elementor-element elementor-element-6bf59b8 e-grid e-con-full e-con e-child\" data-id=\"6bf59b8\" data-element_type=\"container\">\n\t\t<div class=\"elementor-element elementor-element-77ac8db e-con-full e-flex elementor-invisible e-con e-child\" data-id=\"77ac8db\" data-element_type=\"container\" data-settings=\"{&quot;animation&quot;:&quot;fadeIn&quot;,&quot;animation_delay&quot;:300}\">\n\t\t\t\t<div class=\"elementor-element elementor-element-f9f2290 elementor-widget elementor-widget-image\" data-id=\"f9f2290\" data-element_type=\"widget\" data-widget_type=\"image.default\">\n\t\t\t\t<div class=\"elementor-widget-container\">\n\t\t\t\t\t\t\t\t\t\t\t\t\t\t\t<img fetchpriority=\"high\" decoding=\"async\" width=\"500\" height=\"500\" src=\"https:\/\/marrerocatering.com.ar\/wp-content\/uploads\/2024\/12\/calle9.png\" class=\"elementor-animation-pop attachment-large size-large wp-image-21\" alt=\"\" srcset=\"https:\/\/marrerocatering.com.ar\/wp-content\/uploads\/2024\/12\/calle9.png 500w, https:\/\/marrerocatering.com.ar\/wp-content\/uploads\/2024\/12\/calle9-300x300.png 300w, https:\/\/marrerocatering.com.ar\/wp-content\/uploads\/2024\/12\/calle9-150x150.png 150w\" sizes=\"(max-width: 500px) 100vw, 500px\" \/>\t\t\t\t\t\t\t\t\t\t\t\t\t\t\t<\/div>\n\t\t\t\t<\/div>\n\t\t\t\t<div class=\"elementor-element elementor-element-d1e5f08 elementor-widget elementor-widget-text-editor\" data-id=\"d1e5f08\" data-element_type=\"widget\" data-widget_type=\"text-editor.default\">\n\t\t\t\t<div class=\"elementor-widget-container\">\n\t\t\t\t\t\t\t\t\t<p>Pizzas congeladas premium, listas para el horno.<\/p>\t\t\t\t\t\t\t\t<\/div>\n\t\t\t\t<\/div>\n\t\t\t\t<\/div>\n\t\t<div class=\"elementor-element elementor-element-6b9c271 e-con-full e-flex elementor-invisible e-con e-child\" data-id=\"6b9c271\" data-element_type=\"container\" data-settings=\"{&quot;animation&quot;:&quot;fadeIn&quot;,&quot;animation_delay&quot;:300}\">\n\t\t\t\t<div class=\"elementor-element elementor-element-3fe01c9 elementor-widget elementor-widget-image\" data-id=\"3fe01c9\" data-element_type=\"widget\" data-widget_type=\"image.default\">\n\t\t\t\t<div class=\"elementor-widget-container\">\n\t\t\t\t\t\t\t\t\t\t\t\t\t\t\t\t<a href=\"https:\/\/marrerocatering.com.ar\/index.php\/fishy\">\n\t\t\t\t\t\t\t<img decoding=\"async\" width=\"500\" height=\"500\" src=\"https:\/\/marrerocatering.com.ar\/wp-content\/uploads\/2024\/12\/fishy.png\" class=\"elementor-animation-pop attachment-large size-large wp-image-22\" alt=\"\" srcset=\"https:\/\/marrerocatering.com.ar\/wp-content\/uploads\/2024\/12\/fishy.png 500w, https:\/\/marrerocatering.com.ar\/wp-content\/uploads\/2024\/12\/fishy-300x300.png 300w, https:\/\/marrerocatering.com.ar\/wp-content\/uploads\/2024\/12\/fishy-150x150.png 150w\" sizes=\"(max-width: 500px) 100vw, 500px\" \/>\t\t\t\t\t\t\t\t<\/a>\n\t\t\t\t\t\t\t\t\t\t\t\t\t\t\t<\/div>\n\t\t\t\t<\/div>\n\t\t\t\t<div class=\"elementor-element elementor-element-ff04eb5 elementor-widget elementor-widget-text-editor\" data-id=\"ff04eb5\" data-element_type=\"widget\" data-widget_type=\"text-editor.default\">\n\t\t\t\t<div class=\"elementor-widget-container\">\n\t\t\t\t\t\t\t\t\t<p><span style=\"font-weight: 400;\">Cocina fresca, moderna y cuidada, nacida del amor por el mar<\/span><\/p>\t\t\t\t\t\t\t\t<\/div>\n\t\t\t\t<\/div>\n\t\t\t\t<\/div>\n\t\t<div class=\"elementor-element elementor-element-f2d836d e-con-full e-flex elementor-invisible e-con e-child\" data-id=\"f2d836d\" data-element_type=\"container\" data-settings=\"{&quot;animation&quot;:&quot;fadeIn&quot;,&quot;animation_delay&quot;:300}\">\n\t\t\t\t<div class=\"elementor-element elementor-element-d44bc7d elementor-widget elementor-widget-image\" data-id=\"d44bc7d\" data-element_type=\"widget\" data-widget_type=\"image.default\">\n\t\t\t\t<div class=\"elementor-widget-container\">\n\t\t\t\t\t\t\t\t\t\t\t\t\t\t\t\t<a href=\"https:\/\/marrerocatering.com.ar\/index.php\/marrerocatering\">\n\t\t\t\t\t\t\t<img decoding=\"async\" width=\"500\" height=\"500\" src=\"https:\/\/marrerocatering.com.ar\/wp-content\/uploads\/2024\/12\/marrero.png\" class=\"elementor-animation-pop attachment-large size-large wp-image-24\" alt=\"\" srcset=\"https:\/\/marrerocatering.com.ar\/wp-content\/uploads\/2024\/12\/marrero.png 500w, https:\/\/marrerocatering.com.ar\/wp-content\/uploads\/2024\/12\/marrero-300x300.png 300w, https:\/\/marrerocatering.com.ar\/wp-content\/uploads\/2024\/12\/marrero-150x150.png 150w\" sizes=\"(max-width: 500px) 100vw, 500px\" \/>\t\t\t\t\t\t\t\t<\/a>\n\t\t\t\t\t\t\t\t\t\t\t\t\t\t\t<\/div>\n\t\t\t\t<\/div>\n\t\t\t\t<div class=\"elementor-element elementor-element-f81f43b elementor-widget elementor-widget-text-editor\" data-id=\"f81f43b\" data-element_type=\"widget\" data-widget_type=\"text-editor.default\">\n\t\t\t\t<div class=\"elementor-widget-container\">\n\t\t\t\t\t\t\t\t\t<p><span style=\"font-weight: 400;\">Eventos sociales, corporativos e institucionales<\/span><\/p>\t\t\t\t\t\t\t\t<\/div>\n\t\t\t\t<\/div>\n\t\t\t\t<\/div>\n\t\t<div class=\"elementor-element elementor-element-f294a18 e-con-full e-flex elementor-invisible e-con e-child\" data-id=\"f294a18\" data-element_type=\"container\" data-settings=\"{&quot;animation&quot;:&quot;fadeIn&quot;,&quot;animation_delay&quot;:300}\">\n\t\t\t\t<div class=\"elementor-element elementor-element-ef60e26 elementor-widget elementor-widget-image\" data-id=\"ef60e26\" data-element_type=\"widget\" data-widget_type=\"image.default\">\n\t\t\t\t<div class=\"elementor-widget-container\">\n\t\t\t\t\t\t\t\t\t\t\t\t\t\t\t\t<a href=\"https:\/\/marrerocatering.com.ar\/index.php\/golf\/\">\n\t\t\t\t\t\t\t<img loading=\"lazy\" decoding=\"async\" width=\"500\" height=\"500\" src=\"https:\/\/marrerocatering.com.ar\/wp-content\/uploads\/2024\/12\/golf.png\" class=\"elementor-animation-pop attachment-large size-large wp-image-23\" alt=\"\" srcset=\"https:\/\/marrerocatering.com.ar\/wp-content\/uploads\/2024\/12\/golf.png 500w, https:\/\/marrerocatering.com.ar\/wp-content\/uploads\/2024\/12\/golf-300x300.png 300w, https:\/\/marrerocatering.com.ar\/wp-content\/uploads\/2024\/12\/golf-150x150.png 150w\" sizes=\"(max-width: 500px) 100vw, 500px\" \/>\t\t\t\t\t\t\t\t<\/a>\n\t\t\t\t\t\t\t\t\t\t\t\t\t\t\t<\/div>\n\t\t\t\t<\/div>\n\t\t\t\t<div class=\"elementor-element elementor-element-5419529 elementor-widget elementor-widget-text-editor\" data-id=\"5419529\" data-element_type=\"widget\" data-widget_type=\"text-editor.default\">\n\t\t\t\t<div class=\"elementor-widget-container\">\n\t\t\t\t\t\t\t\t\t<p><span style=\"font-weight: 400;\">Cocina cl\u00e1sica y sofisticada, en un entorno privilegiado<\/span><\/p>\t\t\t\t\t\t\t\t<\/div>\n\t\t\t\t<\/div>\n\t\t\t\t<\/div>\n\t\t<div class=\"elementor-element elementor-element-626b254 e-con-full e-flex elementor-invisible e-con e-child\" data-id=\"626b254\" data-element_type=\"container\" data-settings=\"{&quot;animation&quot;:&quot;fadeIn&quot;,&quot;animation_delay&quot;:300}\">\n\t\t\t\t<div class=\"elementor-element elementor-element-a55df52 elementor-widget elementor-widget-image\" data-id=\"a55df52\" data-element_type=\"widget\" data-widget_type=\"image.default\">\n\t\t\t\t<div class=\"elementor-widget-container\">\n\t\t\t\t\t\t\t\t\t\t\t\t\t\t\t\t<a href=\"https:\/\/marrerocatering.com.ar\/index.php\/parla\">\n\t\t\t\t\t\t\t<img loading=\"lazy\" decoding=\"async\" width=\"500\" height=\"500\" src=\"https:\/\/marrerocatering.com.ar\/wp-content\/uploads\/2024\/12\/parla.png\" class=\"elementor-animation-pop attachment-large size-large wp-image-25\" alt=\"\" srcset=\"https:\/\/marrerocatering.com.ar\/wp-content\/uploads\/2024\/12\/parla.png 500w, https:\/\/marrerocatering.com.ar\/wp-content\/uploads\/2024\/12\/parla-300x300.png 300w, https:\/\/marrerocatering.com.ar\/wp-content\/uploads\/2024\/12\/parla-150x150.png 150w\" sizes=\"(max-width: 500px) 100vw, 500px\" \/>\t\t\t\t\t\t\t\t<\/a>\n\t\t\t\t\t\t\t\t\t\t\t\t\t\t\t<\/div>\n\t\t\t\t<\/div>\n\t\t\t\t<div class=\"elementor-element elementor-element-1e9193b elementor-widget elementor-widget-text-editor\" data-id=\"1e9193b\" data-element_type=\"widget\" data-widget_type=\"text-editor.default\">\n\t\t\t\t<div class=\"elementor-widget-container\">\n\t\t\t\t\t\t\t\t\t<p><span style=\"font-weight: 400;\">Un encuentro entre tradici\u00f3n italiana y pasi\u00f3n Argentina<\/span><\/p>\t\t\t\t\t\t\t\t<\/div>\n\t\t\t\t<\/div>\n\t\t\t\t<\/div>\n\t\t\t\t<\/div>\n\t\t\t\t<\/div>\n\t\t\t\t\t<\/div>\n\t\t\t\t<\/div>\n\t\t<div class=\"elementor-element elementor-element-60a4280 e-flex e-con-boxed e-con e-parent\" data-id=\"60a4280\" data-element_type=\"container\" id=\"quienes\">\n\t\t\t\t\t<div class=\"e-con-inner\">\n\t\t<div class=\"elementor-element elementor-element-111d71f e-flex e-con-boxed e-con e-child\" data-id=\"111d71f\" data-element_type=\"container\">\n\t\t\t\t\t<div class=\"e-con-inner\">\n\t\t<div class=\"elementor-element elementor-element-8ed56b8 e-con-full e-flex e-con e-child\" data-id=\"8ed56b8\" data-element_type=\"container\">\n\t\t\t\t<div class=\"elementor-element elementor-element-f5854ca elementor-widget elementor-widget-heading\" data-id=\"f5854ca\" data-element_type=\"widget\" data-widget_type=\"heading.default\">\n\t\t\t\t<div class=\"elementor-widget-container\">\n\t\t\t\t\t<h2 class=\"elementor-heading-title elementor-size-default\">Quienes Somos<\/h2>\t\t\t\t<\/div>\n\t\t\t\t<\/div>\n\t\t\t\t<div class=\"elementor-element elementor-element-efff3d2 elementor-widget elementor-widget-text-editor\" data-id=\"efff3d2\" data-element_type=\"widget\" data-widget_type=\"text-editor.default\">\n\t\t\t\t<div class=\"elementor-widget-container\">\n\t\t\t\t\t\t\t\t\t<p class=\"ng-star-inserted\"><span class=\"ng-star-inserted\">Tradici\u00f3n culinaria familiar, donde la pasi\u00f3n se encuentra con el sabor<\/span><\/p>\t\t\t\t\t\t\t\t<\/div>\n\t\t\t\t<\/div>\n\t\t<div class=\"elementor-element elementor-element-38bd1b8 e-grid e-con-full e-con e-child\" data-id=\"38bd1b8\" data-element_type=\"container\">\n\t\t\t\t<div class=\"elementor-element elementor-element-87d693f elementor-widget elementor-widget-text-editor\" data-id=\"87d693f\" data-element_type=\"widget\" data-widget_type=\"text-editor.default\">\n\t\t\t\t<div class=\"elementor-widget-container\">\n\t\t\t\t\t\t\t\t\t<p class=\"ng-star-inserted\"><span class=\"ng-star-inserted\">Con a\u00f1os de trayectoria en R\u00edo Cuarto, hemos perfeccionado el arte de la gastronom\u00eda y el servicio, adapt\u00e1ndonos a cada detalle para superar tus expectativas. Desde celebraciones \u00edntimas, grandes eventos o en nuestros distintos restaurantes, el compromiso es con la excelencia y la calidad.<\/span><\/p><p class=\"ng-star-inserted\"><span class=\"ng-star-inserted\">Nuestro equipo trabaja con dedicaci\u00f3n para crear propuestas personalizadas que reflejan autenticidad y creatividad. Utilizamos ingredientes frescos y de la m\u00e1s alta calidad, y nos enorgullece ofrecer una atenci\u00f3n c\u00e1lida y eficiente, asegurando que cada momento sea verdaderamente especial.<\/span><\/p>\t\t\t\t\t\t\t\t<\/div>\n\t\t\t\t<\/div>\n\t\t\t\t<div class=\"elementor-element elementor-element-056ab4b elementor-widget elementor-widget-image\" data-id=\"056ab4b\" data-element_type=\"widget\" data-widget_type=\"image.default\">\n\t\t\t\t<div class=\"elementor-widget-container\">\n\t\t\t\t\t\t\t\t\t\t\t\t\t\t\t<img loading=\"lazy\" decoding=\"async\" width=\"500\" height=\"500\" src=\"https:\/\/marrerocatering.com.ar\/wp-content\/uploads\/2025\/09\/imagen-quienes-somos-500x500-1.png\" class=\"attachment-medium_large size-medium_large wp-image-489\" alt=\"\" srcset=\"https:\/\/marrerocatering.com.ar\/wp-content\/uploads\/2025\/09\/imagen-quienes-somos-500x500-1.png 500w, https:\/\/marrerocatering.com.ar\/wp-content\/uploads\/2025\/09\/imagen-quienes-somos-500x500-1-300x300.png 300w, https:\/\/marrerocatering.com.ar\/wp-content\/uploads\/2025\/09\/imagen-quienes-somos-500x500-1-150x150.png 150w\" sizes=\"(max-width: 500px) 100vw, 500px\" \/>\t\t\t\t\t\t\t\t\t\t\t\t\t\t\t<\/div>\n\t\t\t\t<\/div>\n\t\t\t\t<\/div>\n\t\t\t\t<\/div>\n\t\t\t\t\t<\/div>\n\t\t\t\t<\/div>\n\t\t\t\t\t<\/div>\n\t\t\t\t<\/div>\n\t\t\t\t<\/div>\n\t\t","protected":false},"excerpt":{"rendered":"<p>Familia, tradici\u00f3n e innovaci\u00f3n Un universo de experiencias gastron\u00f3micas adaptadas a cada momento Nuestros Servicios Una variedad de propuestas que [&hellip;]<\/p>\n","protected":false},"author":1,"featured_media":0,"parent":0,"menu_order":0,"comment_status":"closed","ping_status":"closed","template":"","meta":{"site-sidebar-layout":"no-sidebar","site-content-layout":"","ast-site-content-layout":"full-width-container","site-content-style":"default","site-sidebar-style":"default","ast-global-header-display":"","ast-banner-title-visibility":"","ast-main-header-display":"","ast-hfb-above-header-display":"","ast-hfb-below-header-display":"","ast-hfb-mobile-header-display":"","site-post-title":"disabled","ast-breadcrumbs-content":"","ast-featured-img":"disabled","footer-sml-layout":"","theme-transparent-header-meta":"","adv-header-id-meta":"","stick-header-meta":"","header-above-stick-meta":"","header-main-stick-meta":"","header-below-stick-meta":"","astra-migrate-meta-layouts":"default","ast-page-background-enabled":"default","ast-page-background-meta":{"desktop":{"background-color":"var(--ast-global-color-4)","background-image":"","background-repeat":"repeat","background-position":"center center","background-size":"auto","background-attachment":"scroll","background-type":"","background-media":"","overlay-type":"","overlay-color":"","overlay-opacity":"","overlay-gradient":""},"tablet":{"background-color":"","background-image":"","background-repeat":"repeat","background-position":"center center","background-size":"auto","background-attachment":"scroll","background-type":"","background-media":"","overlay-type":"","overlay-color":"","overlay-opacity":"","overlay-gradient":""},"mobile":{"background-color":"","background-image":"","background-repeat":"repeat","background-position":"center center","background-size":"auto","background-attachment":"scroll","background-type":"","background-media":"","overlay-type":"","overlay-color":"","overlay-opacity":"","overlay-gradient":""}},"ast-content-background-meta":{"desktop":{"background-color":"var(--ast-global-color-5)","background-image":"","background-repeat":"repeat","background-position":"center center","background-size":"auto","background-attachment":"scroll","background-type":"","background-media":"","overlay-type":"","overlay-color":"","overlay-opacity":"","overlay-gradient":""},"tablet":{"background-color":"var(--ast-global-color-5)","background-image":"","background-repeat":"repeat","background-position":"center center","background-size":"auto","background-attachment":"scroll","background-type":"","background-media":"","overlay-type":"","overlay-color":"","overlay-opacity":"","overlay-gradient":""},"mobile":{"background-color":"var(--ast-global-color-5)","background-image":"","background-repeat":"repeat","background-position":"center center","background-size":"auto","background-attachment":"scroll","background-type":"","background-media":"","overlay-type":"","overlay-color":"","overlay-opacity":"","overlay-gradient":""}},"footnotes":""},"class_list":["post-9","page","type-page","status-publish","hentry"],"_links":{"self":[{"href":"https:\/\/marrerocatering.com.ar\/index.php\/wp-json\/wp\/v2\/pages\/9","targetHints":{"allow":["GET"]}}],"collection":[{"href":"https:\/\/marrerocatering.com.ar\/index.php\/wp-json\/wp\/v2\/pages"}],"about":[{"href":"https:\/\/marrerocatering.com.ar\/index.php\/wp-json\/wp\/v2\/types\/page"}],"author":[{"embeddable":true,"href":"https:\/\/marrerocatering.com.ar\/index.php\/wp-json\/wp\/v2\/users\/1"}],"replies":[{"embeddable":true,"href":"https:\/\/marrerocatering.com.ar\/index.php\/wp-json\/wp\/v2\/comments?post=9"}],"version-history":[{"count":250,"href":"https:\/\/marrerocatering.com.ar\/index.php\/wp-json\/wp\/v2\/pages\/9\/revisions"}],"predecessor-version":[{"id":600,"href":"https:\/\/marrerocatering.com.ar\/index.php\/wp-json\/wp\/v2\/pages\/9\/revisions\/600"}],"wp:attachment":[{"href":"https:\/\/marrerocatering.com.ar\/index.php\/wp-json\/wp\/v2\/media?parent=9"}],"curies":[{"name":"wp","href":"https:\/\/api.w.org\/{rel}","templated":true}]}}